{"id":192,"date":"2025-06-07T18:11:40","date_gmt":"2025-06-07T16:11:40","guid":{"rendered":"https:\/\/maitresseluciebdsm.wordpress.com\/?page_id=192"},"modified":"2025-06-08T12:01:34","modified_gmt":"2025-06-08T10:01:34","slug":"mes-prestations-et-contributions","status":"publish","type":"page","link":"https:\/\/maitresselucie.fr\/index.php\/mes-prestations-et-contributions\/","title":{"rendered":"Prestations"},"content":{"rendered":"\n<div class=\"wp-block-media-text has-media-on-the-right is-stacked-on-mobile\" style=\"grid-template-columns:auto 30%\"><div class=\"wp-block-media-text__content\">\n<h3 class=\"wp-block-heading has-medium-font-size\"><strong>S\u00e9ance<\/strong><\/h3>\n\n\n\n<p>Les s\u00e9ances peuvent \u00eatre simples, avec une ou deux pratiques en particulier pour d\u00e9couvrir ou approfondir. Elles peuvent \u00e9galement \u00eatre plus complexes, avec une m\u00e9lange de plusieurs pratiques, permettant des sc\u00e9narios plus \u00e9labor\u00e9s, avec ou non une th\u00e9matique (m\u00e9dical, petplay, abdl, ageplay, kidnapping\u2026).<\/p>\n\n\n\n<h3 class=\"wp-block-heading has-medium-font-size\"><strong>Stages<\/strong><\/h3>\n\n\n\n<p>Les stages sont de longue dur\u00e9e (1 \u00e0 2 nuits). Ils permettent de prendre le temps de d\u00e9couvrir certaines pratiques et de progresser. Ils peuvent plus facilement inclure des moments d\u2019enfermement, d\u2019isolation et de nuit\u00e9e, pour permettre de s\u2019abandonner profond\u00e9ment. Il ne sont r\u00e9alis\u00e9s qu\u2019apr\u00e8s une premi\u00e8re s\u00e9ance r\u00e9ussie.<\/p>\n<\/div><figure class=\"wp-block-media-text__media\"><img loading=\"lazy\" decoding=\"async\" width=\"819\" height=\"1024\" src=\"http:\/\/maitresselucie.fr\/wp-content\/uploads\/2024\/03\/incollage_20240301_193410866-1-819x1024.jpg\" alt=\"\" class=\"wp-image-38 size-full\" srcset=\"https:\/\/maitresselucie.fr\/wp-content\/uploads\/2024\/03\/incollage_20240301_193410866-1-819x1024.jpg 819w, https:\/\/maitresselucie.fr\/wp-content\/uploads\/2024\/03\/incollage_20240301_193410866-1-240x300.jpg 240w, https:\/\/maitresselucie.fr\/wp-content\/uploads\/2024\/03\/incollage_20240301_193410866-1-768x960.jpg 768w, https:\/\/maitresselucie.fr\/wp-content\/uploads\/2024\/03\/incollage_20240301_193410866-1-1229x1536.jpg 1229w, https:\/\/maitresselucie.fr\/wp-content\/uploads\/2024\/03\/incollage_20240301_193410866-1-1638x2048.jpg 1638w, https:\/\/maitresselucie.fr\/wp-content\/uploads\/2024\/03\/incollage_20240301_193410866-1-scaled.jpg 2048w\" sizes=\"auto, (max-width: 819px) 100vw, 819px\" \/><\/figure><\/div>\n\n\n\n<div class=\"wp-block-media-text has-media-on-the-right is-stacked-on-mobile\" style=\"grid-template-columns:auto 30%\"><div class=\"wp-block-media-text__content\">\n<h2 class=\"wp-block-heading has-medium-font-size\"><strong>Contribution<\/strong><\/h2>\n\n\n\n<p>ll me semble important de pr\u00e9ciser que l\u2019am\u00e9nagement de mon donjon, l\u2019acquisition de mobiliers BDSM, l\u2019achat d\u2019accessoires et jouets pervers, ainsi que les frais divers pour accueillir dans de bonnes conditions (eau, \u00e9lectricit\u00e9s, chauffage, consommables, etc\u2026) engendrent des frais\u2026 Mettre \u00e0 disposition ces investissements sans aucune contrepartie, serait peu raisonnable. J\u2019attends donc des personnes qui veulent se soumettre, de participer \u00e0 l\u2019entretien de ma demeure, au renforcement de mes ensembles d\u2019accessoires BDSM.<\/p>\n\n\n\n<p>(menu contact&nbsp;<a href=\"https:\/\/docs.google.com\/forms\/d\/e\/1FAIpQLSd8Kg3sMUYWzsnAtW0c5PkCFD1uT4NS2rmdjy1dcUiJbn3QgQ\/viewform?usp=pp_url\"><strong>Formulaire<\/strong><\/a>&nbsp;\u00e0 remplir)<\/p>\n<\/div><figure class=\"wp-block-media-text__media\"><img loading=\"lazy\" decoding=\"async\" width=\"1024\" height=\"768\" src=\"http:\/\/maitresselucie.fr\/wp-content\/uploads\/2025\/06\/20241108_110535-1024x768.jpg\" alt=\"\" class=\"wp-image-178 size-full\" srcset=\"https:\/\/maitresselucie.fr\/wp-content\/uploads\/2025\/06\/20241108_110535-1024x768.jpg 1024w, https:\/\/maitresselucie.fr\/wp-content\/uploads\/2025\/06\/20241108_110535-300x225.jpg 300w, https:\/\/maitresselucie.fr\/wp-content\/uploads\/2025\/06\/20241108_110535-768x576.jpg 768w, https:\/\/maitresselucie.fr\/wp-content\/uploads\/2025\/06\/20241108_110535-1536x1152.jpg 1536w, https:\/\/maitresselucie.fr\/wp-content\/uploads\/2025\/06\/20241108_110535-2048x1536.jpg 2048w\" sizes=\"auto, (max-width: 1024px) 100vw, 1024px\" \/><\/figure><\/div>\n","protected":false},"excerpt":{"rendered":"<p>S\u00e9ance Les s\u00e9ances peuvent \u00eatre simples, avec une ou deux pratiques en particulier pour d\u00e9couvrir ou approfondir. Elles peuvent \u00e9galement \u00eatre plus complexes, avec une m\u00e9lange de plusieurs pratiques, permettant des sc\u00e9narios plus \u00e9labor\u00e9s, avec ou non une th\u00e9matique (m\u00e9dical, petplay, abdl, ageplay, kidnapping\u2026). Stages Les stages sont de longue dur\u00e9e (1 \u00e0 2 nuits). [&hellip;]<\/p>\n","protected":false},"author":1,"featured_media":0,"parent":0,"menu_order":3,"comment_status":"closed","ping_status":"closed","template":"template-page-w-title","meta":{"footnotes":""},"class_list":["post-192","page","type-page","status-publish","hentry"],"_links":{"self":[{"href":"https:\/\/maitresselucie.fr\/index.php\/wp-json\/wp\/v2\/pages\/192","targetHints":{"allow":["GET"]}}],"collection":[{"href":"https:\/\/maitresselucie.fr\/index.php\/wp-json\/wp\/v2\/pages"}],"about":[{"href":"https:\/\/maitresselucie.fr\/index.php\/wp-json\/wp\/v2\/types\/page"}],"author":[{"embeddable":true,"href":"https:\/\/maitresselucie.fr\/index.php\/wp-json\/wp\/v2\/users\/1"}],"replies":[{"embeddable":true,"href":"https:\/\/maitresselucie.fr\/index.php\/wp-json\/wp\/v2\/comments?post=192"}],"version-history":[{"count":10,"href":"https:\/\/maitresselucie.fr\/index.php\/wp-json\/wp\/v2\/pages\/192\/revisions"}],"predecessor-version":[{"id":293,"href":"https:\/\/maitresselucie.fr\/index.php\/wp-json\/wp\/v2\/pages\/192\/revisions\/293"}],"wp:attachment":[{"href":"https:\/\/maitresselucie.fr\/index.php\/wp-json\/wp\/v2\/media?parent=192"}],"curies":[{"name":"wp","href":"https:\/\/api.w.org\/{rel}","templated":true}]}}