{"id":188,"date":"2025-06-01T11:54:38","date_gmt":"2025-06-01T09:54:38","guid":{"rendered":"https:\/\/maitresseluciebdsm.wordpress.com\/?page_id=188"},"modified":"2025-06-07T18:49:26","modified_gmt":"2025-06-07T16:49:26","slug":"mes-specialites","status":"publish","type":"page","link":"https:\/\/maitresselucie.fr\/index.php\/mes-specialites\/","title":{"rendered":"Sp\u00e9cialit\u00e9s"},"content":{"rendered":"\n<div class=\"wp-block-columns alignwide is-style-default has-theme-1-color has-text-color has-link-color wp-elements-65ed47f47e1032a59766b08058c17601 is-layout-flex wp-container-core-columns-is-layout-28f84493 wp-block-columns-is-layout-flex\">\n<div class=\"wp-block-column is-style-default is-layout-flow wp-block-column-is-layout-flow\">\n<p>Maitresse en 24\/7, Dominatrice au quotidien, je saurais te soumettre.<\/p>\n\n\n\n<p>Adepte de plusieurs jeux BDSM dans plusieurs contextes et jeux de r\u00f4le diff\u00e9rents, je pourrais m&rsquo;adapter \u00e0 tes fantasmes :<\/p>\n\n\n\n<ul class=\"wp-block-list\">\n<li>Pegging, fisting et travail anal ;<\/li>\n\n\n\n<li>Jeux M\u00e9dicaux (Auscultation, Sondage ur\u00e9tral, pose de sonde urinaire, aiguilles, agrafes, suture\u2026) ;<\/li>\n\n\n\n<li>Impacts (Martinets, cravache, paddle\u2026) ;<\/li>\n\n\n\n<li>Bondage, mommification, isolation ;<\/li>\n\n\n\n<li>Breathplay ;<\/li>\n\n\n\n<li>Electrostimulation ;<\/li>\n\n\n\n<li>Trampling ;<\/li>\n\n\n\n<li>Fireplay, Waxplay ;<\/li>\n\n\n\n<li>Tortures diverses (t\u00e9tons, g\u00e9nital\u2026) ;<\/li>\n\n\n\n<li>Mise en cage de chastet\u00e9 et suivi.<\/li>\n<\/ul>\n<\/div>\n<\/div>\n\n\n\n<figure class=\"wp-block-gallery has-nested-images columns-6 is-cropped wp-block-gallery-1 is-layout-flex wp-block-gallery-is-layout-flex\">\n<figure class=\"wp-block-image size-large\"><img loading=\"lazy\" decoding=\"async\" width=\"1024\" height=\"1024\" data-id=\"173\" src=\"https:\/\/maitresselucie.fr\/wp-content\/uploads\/2025\/04\/20240204_190815-edited-1024x1024.jpg\" alt=\"\" class=\"wp-image-173\" srcset=\"https:\/\/maitresselucie.fr\/wp-content\/uploads\/2025\/04\/20240204_190815-edited-1024x1024.jpg 1024w, https:\/\/maitresselucie.fr\/wp-content\/uploads\/2025\/04\/20240204_190815-edited-300x300.jpg 300w, https:\/\/maitresselucie.fr\/wp-content\/uploads\/2025\/04\/20240204_190815-edited-150x150.jpg 150w, https:\/\/maitresselucie.fr\/wp-content\/uploads\/2025\/04\/20240204_190815-edited-768x768.jpg 768w, https:\/\/maitresselucie.fr\/wp-content\/uploads\/2025\/04\/20240204_190815-edited-1536x1536.jpg 1536w, https:\/\/maitresselucie.fr\/wp-content\/uploads\/2025\/04\/20240204_190815-edited-2048x2048.jpg 2048w\" sizes=\"auto, (max-width: 1024px) 100vw, 1024px\" \/><\/figure>\n\n\n\n<figure class=\"wp-block-image size-large\"><img loading=\"lazy\" decoding=\"async\" width=\"678\" height=\"1024\" data-id=\"168\" src=\"https:\/\/maitresselucie.fr\/wp-content\/uploads\/2025\/04\/krl_6304-678x1024.jpg\" alt=\"\" class=\"wp-image-168\" srcset=\"https:\/\/maitresselucie.fr\/wp-content\/uploads\/2025\/04\/krl_6304-678x1024.jpg 678w, https:\/\/maitresselucie.fr\/wp-content\/uploads\/2025\/04\/krl_6304-199x300.jpg 199w, https:\/\/maitresselucie.fr\/wp-content\/uploads\/2025\/04\/krl_6304-768x1160.jpg 768w, https:\/\/maitresselucie.fr\/wp-content\/uploads\/2025\/04\/krl_6304-1017x1536.jpg 1017w, https:\/\/maitresselucie.fr\/wp-content\/uploads\/2025\/04\/krl_6304-1356x2048.jpg 1356w, https:\/\/maitresselucie.fr\/wp-content\/uploads\/2025\/04\/krl_6304-scaled.jpg 1696w\" sizes=\"auto, (max-width: 678px) 100vw, 678px\" \/><\/figure>\n\n\n\n<figure class=\"wp-block-image size-large\"><img loading=\"lazy\" decoding=\"async\" width=\"800\" height=\"655\" data-id=\"158\" src=\"https:\/\/maitresselucie.fr\/wp-content\/uploads\/2025\/04\/20250418_152422.jpg\" alt=\"\" class=\"wp-image-158\" srcset=\"https:\/\/maitresselucie.fr\/wp-content\/uploads\/2025\/04\/20250418_152422.jpg 800w, https:\/\/maitresselucie.fr\/wp-content\/uploads\/2025\/04\/20250418_152422-300x246.jpg 300w, https:\/\/maitresselucie.fr\/wp-content\/uploads\/2025\/04\/20250418_152422-768x629.jpg 768w\" sizes=\"auto, (max-width: 800px) 100vw, 800px\" \/><\/figure>\n\n\n\n<figure class=\"wp-block-image size-large\"><img loading=\"lazy\" decoding=\"async\" width=\"600\" height=\"800\" data-id=\"154\" src=\"https:\/\/maitresselucie.fr\/wp-content\/uploads\/2025\/04\/20241215_152429.jpg\" alt=\"\" class=\"wp-image-154\" srcset=\"https:\/\/maitresselucie.fr\/wp-content\/uploads\/2025\/04\/20241215_152429.jpg 600w, https:\/\/maitresselucie.fr\/wp-content\/uploads\/2025\/04\/20241215_152429-225x300.jpg 225w\" sizes=\"auto, (max-width: 600px) 100vw, 600px\" \/><\/figure>\n\n\n\n<figure class=\"wp-block-image size-large\"><img loading=\"lazy\" decoding=\"async\" width=\"600\" height=\"800\" data-id=\"156\" src=\"https:\/\/maitresselucie.fr\/wp-content\/uploads\/2025\/04\/20250418_152154.jpg\" alt=\"\" class=\"wp-image-156\" srcset=\"https:\/\/maitresselucie.fr\/wp-content\/uploads\/2025\/04\/20250418_152154.jpg 600w, https:\/\/maitresselucie.fr\/wp-content\/uploads\/2025\/04\/20250418_152154-225x300.jpg 225w\" sizes=\"auto, (max-width: 600px) 100vw, 600px\" \/><\/figure>\n\n\n\n<figure class=\"wp-block-image size-large\"><img loading=\"lazy\" decoding=\"async\" width=\"760\" height=\"1024\" data-id=\"157\" src=\"https:\/\/maitresselucie.fr\/wp-content\/uploads\/2025\/04\/20241225_155142-e1745137156764-760x1024.jpg\" alt=\"\" class=\"wp-image-157\" srcset=\"https:\/\/maitresselucie.fr\/wp-content\/uploads\/2025\/04\/20241225_155142-e1745137156764-760x1024.jpg 760w, https:\/\/maitresselucie.fr\/wp-content\/uploads\/2025\/04\/20241225_155142-e1745137156764-223x300.jpg 223w, https:\/\/maitresselucie.fr\/wp-content\/uploads\/2025\/04\/20241225_155142-e1745137156764-768x1035.jpg 768w, https:\/\/maitresselucie.fr\/wp-content\/uploads\/2025\/04\/20241225_155142-e1745137156764-1140x1536.jpg 1140w, https:\/\/maitresselucie.fr\/wp-content\/uploads\/2025\/04\/20241225_155142-e1745137156764-1520x2048.jpg 1520w, https:\/\/maitresselucie.fr\/wp-content\/uploads\/2025\/04\/20241225_155142-e1745137156764-scaled.jpg 1900w\" sizes=\"auto, (max-width: 760px) 100vw, 760px\" \/><\/figure>\n\n\n\n<figure class=\"wp-block-image size-large\"><img loading=\"lazy\" decoding=\"async\" width=\"1024\" height=\"1024\" data-id=\"144\" src=\"https:\/\/maitresselucie.fr\/wp-content\/uploads\/2024\/11\/incollage_20240922_105614311-1024x1024.jpg\" alt=\"\" class=\"wp-image-144\" srcset=\"https:\/\/maitresselucie.fr\/wp-content\/uploads\/2024\/11\/incollage_20240922_105614311-1024x1024.jpg 1024w, https:\/\/maitresselucie.fr\/wp-content\/uploads\/2024\/11\/incollage_20240922_105614311-300x300.jpg 300w, https:\/\/maitresselucie.fr\/wp-content\/uploads\/2024\/11\/incollage_20240922_105614311-150x150.jpg 150w, https:\/\/maitresselucie.fr\/wp-content\/uploads\/2024\/11\/incollage_20240922_105614311-768x768.jpg 768w, https:\/\/maitresselucie.fr\/wp-content\/uploads\/2024\/11\/incollage_20240922_105614311-1536x1536.jpg 1536w, https:\/\/maitresselucie.fr\/wp-content\/uploads\/2024\/11\/incollage_20240922_105614311-2048x2048.jpg 2048w\" sizes=\"auto, (max-width: 1024px) 100vw, 1024px\" \/><\/figure>\n\n\n\n<figure class=\"wp-block-image size-large\"><img loading=\"lazy\" decoding=\"async\" width=\"600\" height=\"800\" data-id=\"155\" src=\"https:\/\/maitresselucie.fr\/wp-content\/uploads\/2025\/04\/1000016912.jpg\" alt=\"\" class=\"wp-image-155\" srcset=\"https:\/\/maitresselucie.fr\/wp-content\/uploads\/2025\/04\/1000016912.jpg 600w, https:\/\/maitresselucie.fr\/wp-content\/uploads\/2025\/04\/1000016912-225x300.jpg 225w\" sizes=\"auto, (max-width: 600px) 100vw, 600px\" \/><\/figure>\n\n\n\n<figure class=\"wp-block-image size-large\"><img loading=\"lazy\" decoding=\"async\" width=\"1024\" height=\"768\" data-id=\"100\" src=\"https:\/\/maitresselucie.fr\/wp-content\/uploads\/2024\/03\/20231029_151903-1024x768.jpg\" alt=\"\" class=\"wp-image-100\" srcset=\"https:\/\/maitresselucie.fr\/wp-content\/uploads\/2024\/03\/20231029_151903-1024x768.jpg 1024w, https:\/\/maitresselucie.fr\/wp-content\/uploads\/2024\/03\/20231029_151903-300x225.jpg 300w, https:\/\/maitresselucie.fr\/wp-content\/uploads\/2024\/03\/20231029_151903-768x576.jpg 768w, https:\/\/maitresselucie.fr\/wp-content\/uploads\/2024\/03\/20231029_151903-1536x1152.jpg 1536w, https:\/\/maitresselucie.fr\/wp-content\/uploads\/2024\/03\/20231029_151903-2048x1536.jpg 2048w\" sizes=\"auto, (max-width: 1024px) 100vw, 1024px\" \/><\/figure>\n\n\n\n<figure class=\"wp-block-image size-large\"><img loading=\"lazy\" decoding=\"async\" width=\"459\" height=\"1024\" data-id=\"77\" src=\"https:\/\/maitresselucie.fr\/wp-content\/uploads\/2024\/03\/20240128_165021-459x1024.jpg\" alt=\"\" class=\"wp-image-77\" srcset=\"https:\/\/maitresselucie.fr\/wp-content\/uploads\/2024\/03\/20240128_165021-459x1024.jpg 459w, https:\/\/maitresselucie.fr\/wp-content\/uploads\/2024\/03\/20240128_165021-134x300.jpg 134w, https:\/\/maitresselucie.fr\/wp-content\/uploads\/2024\/03\/20240128_165021-768x1714.jpg 768w, https:\/\/maitresselucie.fr\/wp-content\/uploads\/2024\/03\/20240128_165021-688x1536.jpg 688w, https:\/\/maitresselucie.fr\/wp-content\/uploads\/2024\/03\/20240128_165021-918x2048.jpg 918w, https:\/\/maitresselucie.fr\/wp-content\/uploads\/2024\/03\/20240128_165021-scaled.jpg 1147w\" sizes=\"auto, (max-width: 459px) 100vw, 459px\" \/><\/figure>\n\n\n\n<figure class=\"wp-block-image size-large\"><img loading=\"lazy\" decoding=\"async\" width=\"766\" height=\"1024\" data-id=\"76\" src=\"https:\/\/maitresselucie.fr\/wp-content\/uploads\/2024\/03\/20230730_140948-1-766x1024.jpg\" alt=\"\" class=\"wp-image-76\" srcset=\"https:\/\/maitresselucie.fr\/wp-content\/uploads\/2024\/03\/20230730_140948-1-766x1024.jpg 766w, https:\/\/maitresselucie.fr\/wp-content\/uploads\/2024\/03\/20230730_140948-1-224x300.jpg 224w, https:\/\/maitresselucie.fr\/wp-content\/uploads\/2024\/03\/20230730_140948-1-768x1027.jpg 768w, https:\/\/maitresselucie.fr\/wp-content\/uploads\/2024\/03\/20230730_140948-1-1149x1536.jpg 1149w, https:\/\/maitresselucie.fr\/wp-content\/uploads\/2024\/03\/20230730_140948-1-1532x2048.jpg 1532w, https:\/\/maitresselucie.fr\/wp-content\/uploads\/2024\/03\/20230730_140948-1-scaled.jpg 1915w\" sizes=\"auto, (max-width: 766px) 100vw, 766px\" \/><\/figure>\n\n\n\n<figure class=\"wp-block-image size-large\"><img loading=\"lazy\" decoding=\"async\" width=\"461\" height=\"1024\" data-id=\"75\" src=\"https:\/\/maitresselucie.fr\/wp-content\/uploads\/2024\/03\/1000008481-01-1-461x1024.jpeg\" alt=\"\" class=\"wp-image-75\" srcset=\"https:\/\/maitresselucie.fr\/wp-content\/uploads\/2024\/03\/1000008481-01-1-461x1024.jpeg 461w, https:\/\/maitresselucie.fr\/wp-content\/uploads\/2024\/03\/1000008481-01-1-135x300.jpeg 135w, https:\/\/maitresselucie.fr\/wp-content\/uploads\/2024\/03\/1000008481-01-1-768x1707.jpeg 768w, https:\/\/maitresselucie.fr\/wp-content\/uploads\/2024\/03\/1000008481-01-1-691x1536.jpeg 691w, https:\/\/maitresselucie.fr\/wp-content\/uploads\/2024\/03\/1000008481-01-1-922x2048.jpeg 922w, https:\/\/maitresselucie.fr\/wp-content\/uploads\/2024\/03\/1000008481-01-1-scaled.jpeg 1152w\" sizes=\"auto, (max-width: 461px) 100vw, 461px\" \/><\/figure>\n\n\n\n<figure class=\"wp-block-image size-large\"><img loading=\"lazy\" decoding=\"async\" width=\"1024\" height=\"647\" data-id=\"56\" src=\"https:\/\/maitresselucie.fr\/wp-content\/uploads\/2024\/03\/1653765307412-01-1024x647.jpeg\" alt=\"\" class=\"wp-image-56\" srcset=\"https:\/\/maitresselucie.fr\/wp-content\/uploads\/2024\/03\/1653765307412-01-1024x647.jpeg 1024w, https:\/\/maitresselucie.fr\/wp-content\/uploads\/2024\/03\/1653765307412-01-300x190.jpeg 300w, https:\/\/maitresselucie.fr\/wp-content\/uploads\/2024\/03\/1653765307412-01-768x486.jpeg 768w, https:\/\/maitresselucie.fr\/wp-content\/uploads\/2024\/03\/1653765307412-01-1536x971.jpeg 1536w, https:\/\/maitresselucie.fr\/wp-content\/uploads\/2024\/03\/1653765307412-01.jpeg 1588w\" sizes=\"auto, (max-width: 1024px) 100vw, 1024px\" \/><\/figure>\n\n\n\n<figure class=\"wp-block-image size-large\"><img loading=\"lazy\" decoding=\"async\" width=\"1024\" height=\"683\" data-id=\"95\" src=\"https:\/\/maitresselucie.fr\/wp-content\/uploads\/2024\/03\/jkl-_-ksf25012024_-211-1024x683.jpg\" alt=\"\" class=\"wp-image-95\" srcset=\"https:\/\/maitresselucie.fr\/wp-content\/uploads\/2024\/03\/jkl-_-ksf25012024_-211-1024x683.jpg 1024w, https:\/\/maitresselucie.fr\/wp-content\/uploads\/2024\/03\/jkl-_-ksf25012024_-211-300x200.jpg 300w, https:\/\/maitresselucie.fr\/wp-content\/uploads\/2024\/03\/jkl-_-ksf25012024_-211-768x512.jpg 768w, https:\/\/maitresselucie.fr\/wp-content\/uploads\/2024\/03\/jkl-_-ksf25012024_-211-1536x1024.jpg 1536w, https:\/\/maitresselucie.fr\/wp-content\/uploads\/2024\/03\/jkl-_-ksf25012024_-211-2048x1365.jpg 2048w\" sizes=\"auto, (max-width: 1024px) 100vw, 1024px\" \/><\/figure>\n\n\n\n<figure class=\"wp-block-image size-large\"><img loading=\"lazy\" decoding=\"async\" width=\"678\" height=\"1024\" data-id=\"149\" src=\"https:\/\/maitresselucie.fr\/wp-content\/uploads\/2024\/11\/krl_3994-01-678x1024.jpeg\" alt=\"\" class=\"wp-image-149\" srcset=\"https:\/\/maitresselucie.fr\/wp-content\/uploads\/2024\/11\/krl_3994-01-678x1024.jpeg 678w, https:\/\/maitresselucie.fr\/wp-content\/uploads\/2024\/11\/krl_3994-01-199x300.jpeg 199w, https:\/\/maitresselucie.fr\/wp-content\/uploads\/2024\/11\/krl_3994-01-768x1160.jpeg 768w, https:\/\/maitresselucie.fr\/wp-content\/uploads\/2024\/11\/krl_3994-01-1017x1536.jpeg 1017w, https:\/\/maitresselucie.fr\/wp-content\/uploads\/2024\/11\/krl_3994-01-1356x2048.jpeg 1356w, https:\/\/maitresselucie.fr\/wp-content\/uploads\/2024\/11\/krl_3994-01-scaled.jpeg 1696w\" sizes=\"auto, (max-width: 678px) 100vw, 678px\" \/><\/figure>\n\n\n\n<figure class=\"wp-block-image size-large\"><img loading=\"lazy\" decoding=\"async\" width=\"808\" height=\"837\" data-id=\"152\" src=\"https:\/\/maitresselucie.fr\/wp-content\/uploads\/2025\/04\/20250418_152414-e1745133085938.jpg\" alt=\"\" class=\"wp-image-152\" srcset=\"https:\/\/maitresselucie.fr\/wp-content\/uploads\/2025\/04\/20250418_152414-e1745133085938.jpg 808w, https:\/\/maitresselucie.fr\/wp-content\/uploads\/2025\/04\/20250418_152414-e1745133085938-290x300.jpg 290w, https:\/\/maitresselucie.fr\/wp-content\/uploads\/2025\/04\/20250418_152414-e1745133085938-768x796.jpg 768w\" sizes=\"auto, (max-width: 808px) 100vw, 808px\" \/><\/figure>\n\n\n\n<figure class=\"wp-block-image size-large\"><img loading=\"lazy\" decoding=\"async\" width=\"535\" height=\"800\" data-id=\"153\" src=\"https:\/\/maitresselucie.fr\/wp-content\/uploads\/2025\/04\/20250418_152356.jpg\" alt=\"\" class=\"wp-image-153\" srcset=\"https:\/\/maitresselucie.fr\/wp-content\/uploads\/2025\/04\/20250418_152356.jpg 535w, https:\/\/maitresselucie.fr\/wp-content\/uploads\/2025\/04\/20250418_152356-201x300.jpg 201w\" sizes=\"auto, (max-width: 535px) 100vw, 535px\" \/><\/figure>\n<\/figure>\n","protected":false},"excerpt":{"rendered":"<p>Maitresse en 24\/7, Dominatrice au quotidien, je saurais te soumettre. Adepte de plusieurs jeux BDSM dans plusieurs contextes et jeux de r\u00f4le diff\u00e9rents, je pourrais m&rsquo;adapter \u00e0 tes fantasmes :<\/p>\n","protected":false},"author":1,"featured_media":0,"parent":0,"menu_order":1,"comment_status":"closed","ping_status":"closed","template":"template-page-w-title","meta":{"footnotes":""},"class_list":["post-188","page","type-page","status-publish","hentry"],"_links":{"self":[{"href":"https:\/\/maitresselucie.fr\/index.php\/wp-json\/wp\/v2\/pages\/188","targetHints":{"allow":["GET"]}}],"collection":[{"href":"https:\/\/maitresselucie.fr\/index.php\/wp-json\/wp\/v2\/pages"}],"about":[{"href":"https:\/\/maitresselucie.fr\/index.php\/wp-json\/wp\/v2\/types\/page"}],"author":[{"embeddable":true,"href":"https:\/\/maitresselucie.fr\/index.php\/wp-json\/wp\/v2\/users\/1"}],"replies":[{"embeddable":true,"href":"https:\/\/maitresselucie.fr\/index.php\/wp-json\/wp\/v2\/comments?post=188"}],"version-history":[{"count":12,"href":"https:\/\/maitresselucie.fr\/index.php\/wp-json\/wp\/v2\/pages\/188\/revisions"}],"predecessor-version":[{"id":276,"href":"https:\/\/maitresselucie.fr\/index.php\/wp-json\/wp\/v2\/pages\/188\/revisions\/276"}],"wp:attachment":[{"href":"https:\/\/maitresselucie.fr\/index.php\/wp-json\/wp\/v2\/media?parent=188"}],"curies":[{"name":"wp","href":"https:\/\/api.w.org\/{rel}","templated":true}]}}