{"id":177,"date":"2025-06-07T18:03:04","date_gmt":"2025-06-07T16:03:04","guid":{"rendered":"https:\/\/maitresseluciebdsm.wordpress.com\/?page_id=177"},"modified":"2025-06-07T18:36:47","modified_gmt":"2025-06-07T16:36:47","slug":"mon-donjon","status":"publish","type":"page","link":"https:\/\/maitresselucie.fr\/index.php\/mon-donjon\/","title":{"rendered":"Donjon"},"content":{"rendered":"\n<p>J\u2019aime \u00e0 recevoir dans mon donjon qui est le lieu de perversion o\u00f9 je m\u2019\u00e9panouie et cr\u00e9\u00e9e des sc\u00e9narios en fonction de mes sujets et envies.<\/p>\n\n\n\n<p>Celui-ci poss\u00e8de un espace m\u00e9dical \u00e9quip\u00e9 d\u2019un lit gyn\u00e9co, ainsi que nombreux accessoires me permettant de vous ausculter, en surface ou en profondeur, vous torturer jusqu\u2019\u00e0 en jouir.<\/p>\n\n\n\n<p>Mon sling me permettra de vous p\u00e9n\u00e9trer, par mes doigts, mes mains, des plugs ou pour des sessions sauvages de pegging.<\/p>\n\n\n\n<p>Je pourrais \u00e9galement vous sangler sur mon banc \u00e0 fess\u00e9e et vous faire subir divers s\u00e9vices.<\/p>\n\n\n\n<p>Mon donjon poss\u00e8de \u00e9galement un lit solide fait d\u2019acier, aux multiples accroches, pour diverses pratiques et contraintes.<\/p>\n\n\n\n<p>Une pi\u00e8ce humide est mise \u00e0 disposition pour tous les jeux li\u00e9s aux fluides.<\/p>\n\n\n\n<p>Un espace suppl\u00e9mentaire dot\u00e9e d\u2019une croix de Sainte Andr\u00e9 et d&rsquo;un carcan me permet \u00e9galement de contraindre mes victimes pour des s\u00e9ances d\u2019impacts.<\/p>\n\n\n\n<figure class=\"wp-block-gallery has-nested-images columns-3 is-cropped wp-block-gallery-1 is-layout-flex wp-block-gallery-is-layout-flex\">\n<figure class=\"wp-block-image size-full\"><img loading=\"lazy\" decoding=\"async\" width=\"2560\" height=\"1920\" data-id=\"180\" src=\"https:\/\/maitresselucie.fr\/wp-content\/uploads\/2025\/06\/20241108_110830-scaled.jpg\" alt=\"\" class=\"wp-image-180\" srcset=\"https:\/\/maitresselucie.fr\/wp-content\/uploads\/2025\/06\/20241108_110830-scaled.jpg 2560w, https:\/\/maitresselucie.fr\/wp-content\/uploads\/2025\/06\/20241108_110830-300x225.jpg 300w, https:\/\/maitresselucie.fr\/wp-content\/uploads\/2025\/06\/20241108_110830-1024x768.jpg 1024w, https:\/\/maitresselucie.fr\/wp-content\/uploads\/2025\/06\/20241108_110830-768x576.jpg 768w, https:\/\/maitresselucie.fr\/wp-content\/uploads\/2025\/06\/20241108_110830-1536x1152.jpg 1536w, https:\/\/maitresselucie.fr\/wp-content\/uploads\/2025\/06\/20241108_110830-2048x1536.jpg 2048w\" sizes=\"auto, (max-width: 2560px) 100vw, 2560px\" \/><\/figure>\n\n\n\n<figure class=\"wp-block-image size-full\"><img loading=\"lazy\" decoding=\"async\" width=\"800\" height=\"600\" data-id=\"186\" src=\"https:\/\/maitresselucie.fr\/wp-content\/uploads\/2025\/06\/20241116_152410.jpg\" alt=\"\" class=\"wp-image-186\" srcset=\"https:\/\/maitresselucie.fr\/wp-content\/uploads\/2025\/06\/20241116_152410.jpg 800w, https:\/\/maitresselucie.fr\/wp-content\/uploads\/2025\/06\/20241116_152410-300x225.jpg 300w, https:\/\/maitresselucie.fr\/wp-content\/uploads\/2025\/06\/20241116_152410-768x576.jpg 768w\" sizes=\"auto, (max-width: 800px) 100vw, 800px\" \/><\/figure>\n\n\n\n<figure class=\"wp-block-image size-full\"><img loading=\"lazy\" decoding=\"async\" width=\"2560\" height=\"1920\" data-id=\"179\" src=\"https:\/\/maitresselucie.fr\/wp-content\/uploads\/2025\/06\/20241108_110501-scaled.jpg\" alt=\"\" class=\"wp-image-179\" srcset=\"https:\/\/maitresselucie.fr\/wp-content\/uploads\/2025\/06\/20241108_110501-scaled.jpg 2560w, https:\/\/maitresselucie.fr\/wp-content\/uploads\/2025\/06\/20241108_110501-300x225.jpg 300w, https:\/\/maitresselucie.fr\/wp-content\/uploads\/2025\/06\/20241108_110501-1024x768.jpg 1024w, https:\/\/maitresselucie.fr\/wp-content\/uploads\/2025\/06\/20241108_110501-768x576.jpg 768w, https:\/\/maitresselucie.fr\/wp-content\/uploads\/2025\/06\/20241108_110501-1536x1152.jpg 1536w, https:\/\/maitresselucie.fr\/wp-content\/uploads\/2025\/06\/20241108_110501-2048x1536.jpg 2048w\" sizes=\"auto, (max-width: 2560px) 100vw, 2560px\" \/><\/figure>\n\n\n\n<figure class=\"wp-block-image size-full\"><img loading=\"lazy\" decoding=\"async\" width=\"1920\" height=\"2560\" data-id=\"182\" src=\"https:\/\/maitresselucie.fr\/wp-content\/uploads\/2025\/06\/20241108_102856-scaled.jpg\" alt=\"\" class=\"wp-image-182\" srcset=\"https:\/\/maitresselucie.fr\/wp-content\/uploads\/2025\/06\/20241108_102856-scaled.jpg 1920w, https:\/\/maitresselucie.fr\/wp-content\/uploads\/2025\/06\/20241108_102856-225x300.jpg 225w, https:\/\/maitresselucie.fr\/wp-content\/uploads\/2025\/06\/20241108_102856-768x1024.jpg 768w, https:\/\/maitresselucie.fr\/wp-content\/uploads\/2025\/06\/20241108_102856-1152x1536.jpg 1152w, https:\/\/maitresselucie.fr\/wp-content\/uploads\/2025\/06\/20241108_102856-1536x2048.jpg 1536w\" sizes=\"auto, (max-width: 1920px) 100vw, 1920px\" \/><\/figure>\n\n\n\n<figure class=\"wp-block-image size-full\"><img loading=\"lazy\" decoding=\"async\" width=\"600\" height=\"800\" data-id=\"181\" src=\"https:\/\/maitresselucie.fr\/wp-content\/uploads\/2025\/06\/20241108_111457.jpg\" alt=\"\" class=\"wp-image-181\" srcset=\"https:\/\/maitresselucie.fr\/wp-content\/uploads\/2025\/06\/20241108_111457.jpg 600w, https:\/\/maitresselucie.fr\/wp-content\/uploads\/2025\/06\/20241108_111457-225x300.jpg 225w\" sizes=\"auto, (max-width: 600px) 100vw, 600px\" \/><\/figure>\n\n\n\n<figure class=\"wp-block-image size-full\"><img loading=\"lazy\" decoding=\"async\" width=\"2560\" height=\"1920\" data-id=\"178\" src=\"https:\/\/maitresselucie.fr\/wp-content\/uploads\/2025\/06\/20241108_110535-scaled.jpg\" alt=\"\" class=\"wp-image-178\" srcset=\"https:\/\/maitresselucie.fr\/wp-content\/uploads\/2025\/06\/20241108_110535-scaled.jpg 2560w, https:\/\/maitresselucie.fr\/wp-content\/uploads\/2025\/06\/20241108_110535-300x225.jpg 300w, https:\/\/maitresselucie.fr\/wp-content\/uploads\/2025\/06\/20241108_110535-1024x768.jpg 1024w, https:\/\/maitresselucie.fr\/wp-content\/uploads\/2025\/06\/20241108_110535-768x576.jpg 768w, https:\/\/maitresselucie.fr\/wp-content\/uploads\/2025\/06\/20241108_110535-1536x1152.jpg 1536w, https:\/\/maitresselucie.fr\/wp-content\/uploads\/2025\/06\/20241108_110535-2048x1536.jpg 2048w\" sizes=\"auto, (max-width: 2560px) 100vw, 2560px\" \/><\/figure>\n<\/figure>\n","protected":false},"excerpt":{"rendered":"<p>J\u2019aime \u00e0 recevoir dans mon donjon qui est le lieu de perversion o\u00f9 je m\u2019\u00e9panouie et cr\u00e9\u00e9e des sc\u00e9narios en fonction de mes sujets et envies. Celui-ci poss\u00e8de un espace m\u00e9dical \u00e9quip\u00e9 d\u2019un lit gyn\u00e9co, ainsi que nombreux accessoires me permettant de vous ausculter, en surface ou en profondeur, vous torturer jusqu\u2019\u00e0 en jouir. Mon [&hellip;]<\/p>\n","protected":false},"author":1,"featured_media":0,"parent":0,"menu_order":2,"comment_status":"closed","ping_status":"closed","template":"template-page-w-title","meta":{"footnotes":""},"class_list":["post-177","page","type-page","status-publish","hentry"],"_links":{"self":[{"href":"https:\/\/maitresselucie.fr\/index.php\/wp-json\/wp\/v2\/pages\/177","targetHints":{"allow":["GET"]}}],"collection":[{"href":"https:\/\/maitresselucie.fr\/index.php\/wp-json\/wp\/v2\/pages"}],"about":[{"href":"https:\/\/maitresselucie.fr\/index.php\/wp-json\/wp\/v2\/types\/page"}],"author":[{"embeddable":true,"href":"https:\/\/maitresselucie.fr\/index.php\/wp-json\/wp\/v2\/users\/1"}],"replies":[{"embeddable":true,"href":"https:\/\/maitresselucie.fr\/index.php\/wp-json\/wp\/v2\/comments?post=177"}],"version-history":[{"count":6,"href":"https:\/\/maitresselucie.fr\/index.php\/wp-json\/wp\/v2\/pages\/177\/revisions"}],"predecessor-version":[{"id":271,"href":"https:\/\/maitresselucie.fr\/index.php\/wp-json\/wp\/v2\/pages\/177\/revisions\/271"}],"wp:attachment":[{"href":"https:\/\/maitresselucie.fr\/index.php\/wp-json\/wp\/v2\/media?parent=177"}],"curies":[{"name":"wp","href":"https:\/\/api.w.org\/{rel}","templated":true}]}}